{"id":1383,"date":"2020-06-09T11:17:08","date_gmt":"2020-06-09T09:17:08","guid":{"rendered":"http:\/\/cgr-international.bb-b.net\/formage-a-froid\/ressorts-plats\/"},"modified":"2025-11-17T16:44:25","modified_gmt":"2025-11-17T15:44:25","slug":"ressorts-plats","status":"publish","type":"page","link":"https:\/\/www.cgr-international.com\/fr\/ressorts\/ressorts-plats\/","title":{"rendered":"Ressorts plats"},"content":{"rendered":"","protected":false},"excerpt":{"rendered":"","protected":false},"author":1,"featured_media":0,"parent":6822,"menu_order":0,"comment_status":"closed","ping_status":"closed","template":"","meta":{"footnotes":""},"class_list":["post-1383","page","type-page","status-publish","hentry"],"yoast_head":"<!-- This site is optimized with the Yoast SEO Premium plugin v27.2 (Yoast SEO v27.2) - https:\/\/yoast.com\/product\/yoast-seo-premium-wordpress\/ -->\n<title>Fabrication de ressorts plats sur mesure - CGR<\/title>\n<meta name=\"description\" content=\"D\u00e9couvrez l\u2019expertise de CGR dans la fabrication de ressorts plats en acier et en alliages non-ferreux : clips, ressorts ondul\u00e9s, ressorts \u00e0 lame, ressorts \u00e0 disque, ressorts belleville.\" \/>\n<meta name=\"robots\" content=\"index, follow, max-snippet:-1, max-image-preview:large, max-video-preview:-1\" \/>\n<link rel=\"canonical\" href=\"https:\/\/www.cgr-international.com\/fr\/ressorts\/ressorts-plats\/\" \/>\n<meta property=\"og:locale\" content=\"fr_FR\" \/>\n<meta property=\"og:type\" content=\"article\" \/>\n<meta property=\"og:title\" content=\"Ressorts plats\" \/>\n<meta property=\"og:description\" content=\"D\u00e9couvrez l\u2019expertise de CGR dans la fabrication de ressorts plats en acier et en alliages non-ferreux : clips, ressorts ondul\u00e9s, ressorts \u00e0 lame, ressorts \u00e0 disque, ressorts belleville.\" \/>\n<meta property=\"og:url\" content=\"https:\/\/www.cgr-international.com\/fr\/ressorts\/ressorts-plats\/\" \/>\n<meta property=\"og:site_name\" content=\"CGR\" \/>\n<meta property=\"article:modified_time\" content=\"2025-11-17T15:44:25+00:00\" \/>\n<meta name=\"twitter:card\" content=\"summary_large_image\" \/>\n<script type=\"application\/ld+json\" class=\"yoast-schema-graph\">{\"@context\":\"https:\/\/schema.org\",\"@graph\":[{\"@type\":\"WebPage\",\"@id\":\"https:\/\/www.cgr-international.com\/fr\/ressorts\/ressorts-plats\/\",\"url\":\"https:\/\/www.cgr-international.com\/fr\/ressorts\/ressorts-plats\/\",\"name\":\"Fabrication de ressorts plats sur mesure - CGR\",\"isPartOf\":{\"@id\":\"https:\/\/www.cgr-international.com\/fr\/#website\"},\"datePublished\":\"2020-06-09T09:17:08+00:00\",\"dateModified\":\"2025-11-17T15:44:25+00:00\",\"description\":\"D\u00e9couvrez l\u2019expertise de CGR dans la fabrication de ressorts plats en acier et en alliages non-ferreux : clips, ressorts ondul\u00e9s, ressorts \u00e0 lame, ressorts \u00e0 disque, ressorts belleville.\",\"breadcrumb\":{\"@id\":\"https:\/\/www.cgr-international.com\/fr\/ressorts\/ressorts-plats\/#breadcrumb\"},\"inLanguage\":\"fr-FR\",\"potentialAction\":[{\"@type\":\"ReadAction\",\"target\":[\"https:\/\/www.cgr-international.com\/fr\/ressorts\/ressorts-plats\/\"]}]},{\"@type\":\"BreadcrumbList\",\"@id\":\"https:\/\/www.cgr-international.com\/fr\/ressorts\/ressorts-plats\/#breadcrumb\",\"itemListElement\":[{\"@type\":\"ListItem\",\"position\":1,\"name\":\"Home\",\"item\":\"https:\/\/www.cgr-international.com\/fr\/\"},{\"@type\":\"ListItem\",\"position\":2,\"name\":\"Ressorts\",\"item\":\"https:\/\/www.cgr-international.com\/fr\/springs\/\"},{\"@type\":\"ListItem\",\"position\":3,\"name\":\"Ressorts plats\"}]},{\"@type\":\"WebSite\",\"@id\":\"https:\/\/www.cgr-international.com\/fr\/#website\",\"url\":\"https:\/\/www.cgr-international.com\/fr\/\",\"name\":\"CGR\",\"description\":\"Form your world\",\"publisher\":{\"@id\":\"https:\/\/www.cgr-international.com\/fr\/#organization\"},\"potentialAction\":[{\"@type\":\"SearchAction\",\"target\":{\"@type\":\"EntryPoint\",\"urlTemplate\":\"https:\/\/www.cgr-international.com\/fr\/?s={search_term_string}\"},\"query-input\":{\"@type\":\"PropertyValueSpecification\",\"valueRequired\":true,\"valueName\":\"search_term_string\"}}],\"inLanguage\":\"fr-FR\"},{\"@type\":\"Organization\",\"@id\":\"https:\/\/www.cgr-international.com\/fr\/#organization\",\"name\":\"CGR International SAS\",\"url\":\"https:\/\/www.cgr-international.com\/fr\/\",\"logo\":{\"@type\":\"ImageObject\",\"inLanguage\":\"fr-FR\",\"@id\":\"https:\/\/www.cgr-international.com\/fr\/#\/schema\/logo\/image\/\",\"url\":\"https:\/\/www.cgr-international.com\/wp-content\/uploads\/2020\/02\/CG_logo_5-1.png\",\"contentUrl\":\"https:\/\/www.cgr-international.com\/wp-content\/uploads\/2020\/02\/CG_logo_5-1.png\",\"width\":2375,\"height\":1182,\"caption\":\"CGR International SAS\"},\"image\":{\"@id\":\"https:\/\/www.cgr-international.com\/fr\/#\/schema\/logo\/image\/\"}}]}<\/script>\n<!-- \/ Yoast SEO Premium plugin. -->","yoast_head_json":{"title":"Fabrication de ressorts plats sur mesure - CGR","description":"D\u00e9couvrez l\u2019expertise de CGR dans la fabrication de ressorts plats en acier et en alliages non-ferreux : clips, ressorts ondul\u00e9s, ressorts \u00e0 lame, ressorts \u00e0 disque, ressorts belleville.","robots":{"index":"index","follow":"follow","max-snippet":"max-snippet:-1","max-image-preview":"max-image-preview:large","max-video-preview":"max-video-preview:-1"},"canonical":"https:\/\/www.cgr-international.com\/fr\/ressorts\/ressorts-plats\/","og_locale":"fr_FR","og_type":"article","og_title":"Ressorts plats","og_description":"D\u00e9couvrez l\u2019expertise de CGR dans la fabrication de ressorts plats en acier et en alliages non-ferreux : clips, ressorts ondul\u00e9s, ressorts \u00e0 lame, ressorts \u00e0 disque, ressorts belleville.","og_url":"https:\/\/www.cgr-international.com\/fr\/ressorts\/ressorts-plats\/","og_site_name":"CGR","article_modified_time":"2025-11-17T15:44:25+00:00","twitter_card":"summary_large_image","schema":{"@context":"https:\/\/schema.org","@graph":[{"@type":"WebPage","@id":"https:\/\/www.cgr-international.com\/fr\/ressorts\/ressorts-plats\/","url":"https:\/\/www.cgr-international.com\/fr\/ressorts\/ressorts-plats\/","name":"Fabrication de ressorts plats sur mesure - CGR","isPartOf":{"@id":"https:\/\/www.cgr-international.com\/fr\/#website"},"datePublished":"2020-06-09T09:17:08+00:00","dateModified":"2025-11-17T15:44:25+00:00","description":"D\u00e9couvrez l\u2019expertise de CGR dans la fabrication de ressorts plats en acier et en alliages non-ferreux : clips, ressorts ondul\u00e9s, ressorts \u00e0 lame, ressorts \u00e0 disque, ressorts belleville.","breadcrumb":{"@id":"https:\/\/www.cgr-international.com\/fr\/ressorts\/ressorts-plats\/#breadcrumb"},"inLanguage":"fr-FR","potentialAction":[{"@type":"ReadAction","target":["https:\/\/www.cgr-international.com\/fr\/ressorts\/ressorts-plats\/"]}]},{"@type":"BreadcrumbList","@id":"https:\/\/www.cgr-international.com\/fr\/ressorts\/ressorts-plats\/#breadcrumb","itemListElement":[{"@type":"ListItem","position":1,"name":"Home","item":"https:\/\/www.cgr-international.com\/fr\/"},{"@type":"ListItem","position":2,"name":"Ressorts","item":"https:\/\/www.cgr-international.com\/fr\/springs\/"},{"@type":"ListItem","position":3,"name":"Ressorts plats"}]},{"@type":"WebSite","@id":"https:\/\/www.cgr-international.com\/fr\/#website","url":"https:\/\/www.cgr-international.com\/fr\/","name":"CGR","description":"Form your world","publisher":{"@id":"https:\/\/www.cgr-international.com\/fr\/#organization"},"potentialAction":[{"@type":"SearchAction","target":{"@type":"EntryPoint","urlTemplate":"https:\/\/www.cgr-international.com\/fr\/?s={search_term_string}"},"query-input":{"@type":"PropertyValueSpecification","valueRequired":true,"valueName":"search_term_string"}}],"inLanguage":"fr-FR"},{"@type":"Organization","@id":"https:\/\/www.cgr-international.com\/fr\/#organization","name":"CGR International SAS","url":"https:\/\/www.cgr-international.com\/fr\/","logo":{"@type":"ImageObject","inLanguage":"fr-FR","@id":"https:\/\/www.cgr-international.com\/fr\/#\/schema\/logo\/image\/","url":"https:\/\/www.cgr-international.com\/wp-content\/uploads\/2020\/02\/CG_logo_5-1.png","contentUrl":"https:\/\/www.cgr-international.com\/wp-content\/uploads\/2020\/02\/CG_logo_5-1.png","width":2375,"height":1182,"caption":"CGR International SAS"},"image":{"@id":"https:\/\/www.cgr-international.com\/fr\/#\/schema\/logo\/image\/"}}]}},"_links":{"self":[{"href":"https:\/\/www.cgr-international.com\/fr\/wp-json\/wp\/v2\/pages\/1383","targetHints":{"allow":["GET"]}}],"collection":[{"href":"https:\/\/www.cgr-international.com\/fr\/wp-json\/wp\/v2\/pages"}],"about":[{"href":"https:\/\/www.cgr-international.com\/fr\/wp-json\/wp\/v2\/types\/page"}],"author":[{"embeddable":true,"href":"https:\/\/www.cgr-international.com\/fr\/wp-json\/wp\/v2\/users\/1"}],"replies":[{"embeddable":true,"href":"https:\/\/www.cgr-international.com\/fr\/wp-json\/wp\/v2\/comments?post=1383"}],"version-history":[{"count":1,"href":"https:\/\/www.cgr-international.com\/fr\/wp-json\/wp\/v2\/pages\/1383\/revisions"}],"predecessor-version":[{"id":2008,"href":"https:\/\/www.cgr-international.com\/fr\/wp-json\/wp\/v2\/pages\/1383\/revisions\/2008"}],"up":[{"embeddable":true,"href":"https:\/\/www.cgr-international.com\/fr\/wp-json\/wp\/v2\/pages\/6822"}],"wp:attachment":[{"href":"https:\/\/www.cgr-international.com\/fr\/wp-json\/wp\/v2\/media?parent=1383"}],"curies":[{"name":"wp","href":"https:\/\/api.w.org\/{rel}","templated":true}]}}