{"id":1638,"date":"2020-06-09T11:19:14","date_gmt":"2020-06-09T09:19:14","guid":{"rendered":"http:\/\/cgr-international.bb-b.net\/aeronautique\/"},"modified":"2021-12-07T18:26:30","modified_gmt":"2021-12-07T17:26:30","slug":"aeronautique","status":"publish","type":"page","link":"https:\/\/www.cgr-international.com\/fr\/marches\/aeronautique\/","title":{"rendered":"A\u00e9ronautique"},"content":{"rendered":"","protected":false},"excerpt":{"rendered":"","protected":false},"author":1,"featured_media":0,"parent":1857,"menu_order":0,"comment_status":"closed","ping_status":"closed","template":"","meta":{"footnotes":""},"class_list":["post-1638","page","type-page","status-publish","hentry"],"yoast_head":"<!-- This site is optimized with the Yoast SEO Premium plugin v27.2 (Yoast SEO v27.2) - https:\/\/yoast.com\/product\/yoast-seo-premium-wordpress\/ -->\n<title>Fabricant de composants m\u00e9caniques et m\u00e9catroniques pour l\u2019industrie A\u00e9ronautique - CGR<\/title>\n<meta name=\"description\" content=\"Nos sites de production sp\u00e9cialis\u00e9s assurent l\u2019ing\u00e9nierie et conception simultan\u00e9es ainsi que la fabrication des pi\u00e8ces et sous-ensembles destin\u00e9s \u00e0 l\u2019industrie a\u00e9ronautique mondiale. Pour en savoir plus, c\u2019est par ici !\" \/>\n<meta name=\"robots\" content=\"index, follow, max-snippet:-1, max-image-preview:large, max-video-preview:-1\" \/>\n<link rel=\"canonical\" href=\"https:\/\/www.cgr-international.com\/fr\/marches\/aeronautique\/\" \/>\n<meta property=\"og:locale\" content=\"fr_FR\" \/>\n<meta property=\"og:type\" content=\"article\" \/>\n<meta property=\"og:title\" content=\"A\u00e9ronautique\" \/>\n<meta property=\"og:description\" content=\"Nos sites de production sp\u00e9cialis\u00e9s assurent l\u2019ing\u00e9nierie et conception simultan\u00e9es ainsi que la fabrication des pi\u00e8ces et sous-ensembles destin\u00e9s \u00e0 l\u2019industrie a\u00e9ronautique mondiale. Pour en savoir plus, c\u2019est par ici !\" \/>\n<meta property=\"og:url\" content=\"https:\/\/www.cgr-international.com\/fr\/marches\/aeronautique\/\" \/>\n<meta property=\"og:site_name\" content=\"CGR\" \/>\n<meta property=\"article:modified_time\" content=\"2021-12-07T17:26:30+00:00\" \/>\n<meta name=\"twitter:card\" content=\"summary_large_image\" \/>\n<script type=\"application\/ld+json\" class=\"yoast-schema-graph\">{\"@context\":\"https:\/\/schema.org\",\"@graph\":[{\"@type\":\"WebPage\",\"@id\":\"https:\/\/www.cgr-international.com\/fr\/marches\/aeronautique\/\",\"url\":\"https:\/\/www.cgr-international.com\/fr\/marches\/aeronautique\/\",\"name\":\"Fabricant de composants m\u00e9caniques et m\u00e9catroniques pour l\u2019industrie A\u00e9ronautique - CGR\",\"isPartOf\":{\"@id\":\"https:\/\/www.cgr-international.com\/fr\/#website\"},\"datePublished\":\"2020-06-09T09:19:14+00:00\",\"dateModified\":\"2021-12-07T17:26:30+00:00\",\"description\":\"Nos sites de production sp\u00e9cialis\u00e9s assurent l\u2019ing\u00e9nierie et conception simultan\u00e9es ainsi que la fabrication des pi\u00e8ces et sous-ensembles destin\u00e9s \u00e0 l\u2019industrie a\u00e9ronautique mondiale. Pour en savoir plus, c\u2019est par ici !\",\"breadcrumb\":{\"@id\":\"https:\/\/www.cgr-international.com\/fr\/marches\/aeronautique\/#breadcrumb\"},\"inLanguage\":\"fr-FR\",\"potentialAction\":[{\"@type\":\"ReadAction\",\"target\":[\"https:\/\/www.cgr-international.com\/fr\/marches\/aeronautique\/\"]}]},{\"@type\":\"BreadcrumbList\",\"@id\":\"https:\/\/www.cgr-international.com\/fr\/marches\/aeronautique\/#breadcrumb\",\"itemListElement\":[{\"@type\":\"ListItem\",\"position\":1,\"name\":\"Home\",\"item\":\"https:\/\/www.cgr-international.com\/fr\/\"},{\"@type\":\"ListItem\",\"position\":2,\"name\":\"March\u00e9s\",\"item\":\"https:\/\/www.cgr-international.com\/fr\/markets\/\"},{\"@type\":\"ListItem\",\"position\":3,\"name\":\"A\u00e9ronautique\"}]},{\"@type\":\"WebSite\",\"@id\":\"https:\/\/www.cgr-international.com\/fr\/#website\",\"url\":\"https:\/\/www.cgr-international.com\/fr\/\",\"name\":\"CGR\",\"description\":\"Form your world\",\"publisher\":{\"@id\":\"https:\/\/www.cgr-international.com\/fr\/#organization\"},\"potentialAction\":[{\"@type\":\"SearchAction\",\"target\":{\"@type\":\"EntryPoint\",\"urlTemplate\":\"https:\/\/www.cgr-international.com\/fr\/?s={search_term_string}\"},\"query-input\":{\"@type\":\"PropertyValueSpecification\",\"valueRequired\":true,\"valueName\":\"search_term_string\"}}],\"inLanguage\":\"fr-FR\"},{\"@type\":\"Organization\",\"@id\":\"https:\/\/www.cgr-international.com\/fr\/#organization\",\"name\":\"CGR International SAS\",\"url\":\"https:\/\/www.cgr-international.com\/fr\/\",\"logo\":{\"@type\":\"ImageObject\",\"inLanguage\":\"fr-FR\",\"@id\":\"https:\/\/www.cgr-international.com\/fr\/#\/schema\/logo\/image\/\",\"url\":\"https:\/\/www.cgr-international.com\/wp-content\/uploads\/2020\/02\/CG_logo_5-1.png\",\"contentUrl\":\"https:\/\/www.cgr-international.com\/wp-content\/uploads\/2020\/02\/CG_logo_5-1.png\",\"width\":2375,\"height\":1182,\"caption\":\"CGR International SAS\"},\"image\":{\"@id\":\"https:\/\/www.cgr-international.com\/fr\/#\/schema\/logo\/image\/\"}}]}<\/script>\n<!-- \/ Yoast SEO Premium plugin. -->","yoast_head_json":{"title":"Fabricant de composants m\u00e9caniques et m\u00e9catroniques pour l\u2019industrie A\u00e9ronautique - CGR","description":"Nos sites de production sp\u00e9cialis\u00e9s assurent l\u2019ing\u00e9nierie et conception simultan\u00e9es ainsi que la fabrication des pi\u00e8ces et sous-ensembles destin\u00e9s \u00e0 l\u2019industrie a\u00e9ronautique mondiale. Pour en savoir plus, c\u2019est par ici !","robots":{"index":"index","follow":"follow","max-snippet":"max-snippet:-1","max-image-preview":"max-image-preview:large","max-video-preview":"max-video-preview:-1"},"canonical":"https:\/\/www.cgr-international.com\/fr\/marches\/aeronautique\/","og_locale":"fr_FR","og_type":"article","og_title":"A\u00e9ronautique","og_description":"Nos sites de production sp\u00e9cialis\u00e9s assurent l\u2019ing\u00e9nierie et conception simultan\u00e9es ainsi que la fabrication des pi\u00e8ces et sous-ensembles destin\u00e9s \u00e0 l\u2019industrie a\u00e9ronautique mondiale. Pour en savoir plus, c\u2019est par ici !","og_url":"https:\/\/www.cgr-international.com\/fr\/marches\/aeronautique\/","og_site_name":"CGR","article_modified_time":"2021-12-07T17:26:30+00:00","twitter_card":"summary_large_image","schema":{"@context":"https:\/\/schema.org","@graph":[{"@type":"WebPage","@id":"https:\/\/www.cgr-international.com\/fr\/marches\/aeronautique\/","url":"https:\/\/www.cgr-international.com\/fr\/marches\/aeronautique\/","name":"Fabricant de composants m\u00e9caniques et m\u00e9catroniques pour l\u2019industrie A\u00e9ronautique - CGR","isPartOf":{"@id":"https:\/\/www.cgr-international.com\/fr\/#website"},"datePublished":"2020-06-09T09:19:14+00:00","dateModified":"2021-12-07T17:26:30+00:00","description":"Nos sites de production sp\u00e9cialis\u00e9s assurent l\u2019ing\u00e9nierie et conception simultan\u00e9es ainsi que la fabrication des pi\u00e8ces et sous-ensembles destin\u00e9s \u00e0 l\u2019industrie a\u00e9ronautique mondiale. Pour en savoir plus, c\u2019est par ici !","breadcrumb":{"@id":"https:\/\/www.cgr-international.com\/fr\/marches\/aeronautique\/#breadcrumb"},"inLanguage":"fr-FR","potentialAction":[{"@type":"ReadAction","target":["https:\/\/www.cgr-international.com\/fr\/marches\/aeronautique\/"]}]},{"@type":"BreadcrumbList","@id":"https:\/\/www.cgr-international.com\/fr\/marches\/aeronautique\/#breadcrumb","itemListElement":[{"@type":"ListItem","position":1,"name":"Home","item":"https:\/\/www.cgr-international.com\/fr\/"},{"@type":"ListItem","position":2,"name":"March\u00e9s","item":"https:\/\/www.cgr-international.com\/fr\/markets\/"},{"@type":"ListItem","position":3,"name":"A\u00e9ronautique"}]},{"@type":"WebSite","@id":"https:\/\/www.cgr-international.com\/fr\/#website","url":"https:\/\/www.cgr-international.com\/fr\/","name":"CGR","description":"Form your world","publisher":{"@id":"https:\/\/www.cgr-international.com\/fr\/#organization"},"potentialAction":[{"@type":"SearchAction","target":{"@type":"EntryPoint","urlTemplate":"https:\/\/www.cgr-international.com\/fr\/?s={search_term_string}"},"query-input":{"@type":"PropertyValueSpecification","valueRequired":true,"valueName":"search_term_string"}}],"inLanguage":"fr-FR"},{"@type":"Organization","@id":"https:\/\/www.cgr-international.com\/fr\/#organization","name":"CGR International SAS","url":"https:\/\/www.cgr-international.com\/fr\/","logo":{"@type":"ImageObject","inLanguage":"fr-FR","@id":"https:\/\/www.cgr-international.com\/fr\/#\/schema\/logo\/image\/","url":"https:\/\/www.cgr-international.com\/wp-content\/uploads\/2020\/02\/CG_logo_5-1.png","contentUrl":"https:\/\/www.cgr-international.com\/wp-content\/uploads\/2020\/02\/CG_logo_5-1.png","width":2375,"height":1182,"caption":"CGR International SAS"},"image":{"@id":"https:\/\/www.cgr-international.com\/fr\/#\/schema\/logo\/image\/"}}]}},"_links":{"self":[{"href":"https:\/\/www.cgr-international.com\/fr\/wp-json\/wp\/v2\/pages\/1638","targetHints":{"allow":["GET"]}}],"collection":[{"href":"https:\/\/www.cgr-international.com\/fr\/wp-json\/wp\/v2\/pages"}],"about":[{"href":"https:\/\/www.cgr-international.com\/fr\/wp-json\/wp\/v2\/types\/page"}],"author":[{"embeddable":true,"href":"https:\/\/www.cgr-international.com\/fr\/wp-json\/wp\/v2\/users\/1"}],"replies":[{"embeddable":true,"href":"https:\/\/www.cgr-international.com\/fr\/wp-json\/wp\/v2\/comments?post=1638"}],"version-history":[{"count":1,"href":"https:\/\/www.cgr-international.com\/fr\/wp-json\/wp\/v2\/pages\/1638\/revisions"}],"predecessor-version":[{"id":2041,"href":"https:\/\/www.cgr-international.com\/fr\/wp-json\/wp\/v2\/pages\/1638\/revisions\/2041"}],"up":[{"embeddable":true,"href":"https:\/\/www.cgr-international.com\/fr\/wp-json\/wp\/v2\/pages\/1857"}],"wp:attachment":[{"href":"https:\/\/www.cgr-international.com\/fr\/wp-json\/wp\/v2\/media?parent=1638"}],"curies":[{"name":"wp","href":"https:\/\/api.w.org\/{rel}","templated":true}]}}