{"id":1651,"date":"2020-06-09T11:19:22","date_gmt":"2020-06-09T09:19:22","guid":{"rendered":"http:\/\/cgr-international.bb-b.net\/automobile\/"},"modified":"2023-01-25T14:32:43","modified_gmt":"2023-01-25T13:32:43","slug":"automobile","status":"publish","type":"page","link":"https:\/\/www.cgr-international.com\/fr\/marches\/automobile\/","title":{"rendered":"Automobile"},"content":{"rendered":"","protected":false},"excerpt":{"rendered":"","protected":false},"author":1,"featured_media":0,"parent":1857,"menu_order":0,"comment_status":"closed","ping_status":"closed","template":"","meta":{"footnotes":""},"class_list":["post-1651","page","type-page","status-publish","hentry"],"yoast_head":"<!-- This site is optimized with the Yoast SEO Premium plugin v27.4 (Yoast SEO v27.4) - https:\/\/yoast.com\/product\/yoast-seo-premium-wordpress\/ -->\n<title>Fabricant de composants m\u00e9caniques et m\u00e9catroniques pour l\u2019industrie Automobile - CGR<\/title>\n<meta name=\"description\" content=\"Nous sommes l&#039;un des leaders mondiaux des pi\u00e8ces form\u00e9es \u00e0 froid et des composants m\u00e9catroniques. Nos produits se retrouvent dans de nombreuses marques de voitures et dans de grandes gammes de produits dans le monde entier.\" \/>\n<meta name=\"robots\" content=\"index, follow, max-snippet:-1, max-image-preview:large, max-video-preview:-1\" \/>\n<link rel=\"canonical\" href=\"https:\/\/www.cgr-international.com\/fr\/marches\/automobile\/\" \/>\n<meta property=\"og:locale\" content=\"fr_FR\" \/>\n<meta property=\"og:type\" content=\"article\" \/>\n<meta property=\"og:title\" content=\"Automobile\" \/>\n<meta property=\"og:description\" content=\"Nous sommes l&#039;un des leaders mondiaux des pi\u00e8ces form\u00e9es \u00e0 froid et des composants m\u00e9catroniques. Nos produits se retrouvent dans de nombreuses marques de voitures et dans de grandes gammes de produits dans le monde entier.\" \/>\n<meta property=\"og:url\" content=\"https:\/\/www.cgr-international.com\/fr\/marches\/automobile\/\" \/>\n<meta property=\"og:site_name\" content=\"CGR\" \/>\n<meta property=\"article:modified_time\" content=\"2023-01-25T13:32:43+00:00\" \/>\n<meta name=\"twitter:card\" content=\"summary_large_image\" \/>\n<script type=\"application\/ld+json\" class=\"yoast-schema-graph\">{\"@context\":\"https:\\\/\\\/schema.org\",\"@graph\":[{\"@type\":\"WebPage\",\"@id\":\"https:\\\/\\\/www.cgr-international.com\\\/fr\\\/marches\\\/automobile\\\/\",\"url\":\"https:\\\/\\\/www.cgr-international.com\\\/fr\\\/marches\\\/automobile\\\/\",\"name\":\"Fabricant de composants m\u00e9caniques et m\u00e9catroniques pour l\u2019industrie Automobile - CGR\",\"isPartOf\":{\"@id\":\"https:\\\/\\\/www.cgr-international.com\\\/fr\\\/#website\"},\"datePublished\":\"2020-06-09T09:19:22+00:00\",\"dateModified\":\"2023-01-25T13:32:43+00:00\",\"description\":\"Nous sommes l'un des leaders mondiaux des pi\u00e8ces form\u00e9es \u00e0 froid et des composants m\u00e9catroniques. Nos produits se retrouvent dans de nombreuses marques de voitures et dans de grandes gammes de produits dans le monde entier.\",\"breadcrumb\":{\"@id\":\"https:\\\/\\\/www.cgr-international.com\\\/fr\\\/marches\\\/automobile\\\/#breadcrumb\"},\"inLanguage\":\"fr-FR\",\"potentialAction\":[{\"@type\":\"ReadAction\",\"target\":[\"https:\\\/\\\/www.cgr-international.com\\\/fr\\\/marches\\\/automobile\\\/\"]}]},{\"@type\":\"BreadcrumbList\",\"@id\":\"https:\\\/\\\/www.cgr-international.com\\\/fr\\\/marches\\\/automobile\\\/#breadcrumb\",\"itemListElement\":[{\"@type\":\"ListItem\",\"position\":1,\"name\":\"Home\",\"item\":\"https:\\\/\\\/www.cgr-international.com\\\/fr\\\/\"},{\"@type\":\"ListItem\",\"position\":2,\"name\":\"March\u00e9s\",\"item\":\"https:\\\/\\\/www.cgr-international.com\\\/fr\\\/markets\\\/\"},{\"@type\":\"ListItem\",\"position\":3,\"name\":\"Automobile\"}]},{\"@type\":\"WebSite\",\"@id\":\"https:\\\/\\\/www.cgr-international.com\\\/fr\\\/#website\",\"url\":\"https:\\\/\\\/www.cgr-international.com\\\/fr\\\/\",\"name\":\"CGR\",\"description\":\"Form your world\",\"publisher\":{\"@id\":\"https:\\\/\\\/www.cgr-international.com\\\/fr\\\/#organization\"},\"potentialAction\":[{\"@type\":\"SearchAction\",\"target\":{\"@type\":\"EntryPoint\",\"urlTemplate\":\"https:\\\/\\\/www.cgr-international.com\\\/fr\\\/?s={search_term_string}\"},\"query-input\":{\"@type\":\"PropertyValueSpecification\",\"valueRequired\":true,\"valueName\":\"search_term_string\"}}],\"inLanguage\":\"fr-FR\"},{\"@type\":\"Organization\",\"@id\":\"https:\\\/\\\/www.cgr-international.com\\\/fr\\\/#organization\",\"name\":\"CGR International SAS\",\"url\":\"https:\\\/\\\/www.cgr-international.com\\\/fr\\\/\",\"logo\":{\"@type\":\"ImageObject\",\"inLanguage\":\"fr-FR\",\"@id\":\"https:\\\/\\\/www.cgr-international.com\\\/fr\\\/#\\\/schema\\\/logo\\\/image\\\/\",\"url\":\"https:\\\/\\\/www.cgr-international.com\\\/wp-content\\\/uploads\\\/2020\\\/02\\\/CG_logo_5-1.png\",\"contentUrl\":\"https:\\\/\\\/www.cgr-international.com\\\/wp-content\\\/uploads\\\/2020\\\/02\\\/CG_logo_5-1.png\",\"width\":2375,\"height\":1182,\"caption\":\"CGR International SAS\"},\"image\":{\"@id\":\"https:\\\/\\\/www.cgr-international.com\\\/fr\\\/#\\\/schema\\\/logo\\\/image\\\/\"}}]}<\/script>\n<!-- \/ Yoast SEO Premium plugin. -->","yoast_head_json":{"title":"Fabricant de composants m\u00e9caniques et m\u00e9catroniques pour l\u2019industrie Automobile - CGR","description":"Nous sommes l'un des leaders mondiaux des pi\u00e8ces form\u00e9es \u00e0 froid et des composants m\u00e9catroniques. Nos produits se retrouvent dans de nombreuses marques de voitures et dans de grandes gammes de produits dans le monde entier.","robots":{"index":"index","follow":"follow","max-snippet":"max-snippet:-1","max-image-preview":"max-image-preview:large","max-video-preview":"max-video-preview:-1"},"canonical":"https:\/\/www.cgr-international.com\/fr\/marches\/automobile\/","og_locale":"fr_FR","og_type":"article","og_title":"Automobile","og_description":"Nous sommes l'un des leaders mondiaux des pi\u00e8ces form\u00e9es \u00e0 froid et des composants m\u00e9catroniques. Nos produits se retrouvent dans de nombreuses marques de voitures et dans de grandes gammes de produits dans le monde entier.","og_url":"https:\/\/www.cgr-international.com\/fr\/marches\/automobile\/","og_site_name":"CGR","article_modified_time":"2023-01-25T13:32:43+00:00","twitter_card":"summary_large_image","schema":{"@context":"https:\/\/schema.org","@graph":[{"@type":"WebPage","@id":"https:\/\/www.cgr-international.com\/fr\/marches\/automobile\/","url":"https:\/\/www.cgr-international.com\/fr\/marches\/automobile\/","name":"Fabricant de composants m\u00e9caniques et m\u00e9catroniques pour l\u2019industrie Automobile - CGR","isPartOf":{"@id":"https:\/\/www.cgr-international.com\/fr\/#website"},"datePublished":"2020-06-09T09:19:22+00:00","dateModified":"2023-01-25T13:32:43+00:00","description":"Nous sommes l'un des leaders mondiaux des pi\u00e8ces form\u00e9es \u00e0 froid et des composants m\u00e9catroniques. Nos produits se retrouvent dans de nombreuses marques de voitures et dans de grandes gammes de produits dans le monde entier.","breadcrumb":{"@id":"https:\/\/www.cgr-international.com\/fr\/marches\/automobile\/#breadcrumb"},"inLanguage":"fr-FR","potentialAction":[{"@type":"ReadAction","target":["https:\/\/www.cgr-international.com\/fr\/marches\/automobile\/"]}]},{"@type":"BreadcrumbList","@id":"https:\/\/www.cgr-international.com\/fr\/marches\/automobile\/#breadcrumb","itemListElement":[{"@type":"ListItem","position":1,"name":"Home","item":"https:\/\/www.cgr-international.com\/fr\/"},{"@type":"ListItem","position":2,"name":"March\u00e9s","item":"https:\/\/www.cgr-international.com\/fr\/markets\/"},{"@type":"ListItem","position":3,"name":"Automobile"}]},{"@type":"WebSite","@id":"https:\/\/www.cgr-international.com\/fr\/#website","url":"https:\/\/www.cgr-international.com\/fr\/","name":"CGR","description":"Form your world","publisher":{"@id":"https:\/\/www.cgr-international.com\/fr\/#organization"},"potentialAction":[{"@type":"SearchAction","target":{"@type":"EntryPoint","urlTemplate":"https:\/\/www.cgr-international.com\/fr\/?s={search_term_string}"},"query-input":{"@type":"PropertyValueSpecification","valueRequired":true,"valueName":"search_term_string"}}],"inLanguage":"fr-FR"},{"@type":"Organization","@id":"https:\/\/www.cgr-international.com\/fr\/#organization","name":"CGR International SAS","url":"https:\/\/www.cgr-international.com\/fr\/","logo":{"@type":"ImageObject","inLanguage":"fr-FR","@id":"https:\/\/www.cgr-international.com\/fr\/#\/schema\/logo\/image\/","url":"https:\/\/www.cgr-international.com\/wp-content\/uploads\/2020\/02\/CG_logo_5-1.png","contentUrl":"https:\/\/www.cgr-international.com\/wp-content\/uploads\/2020\/02\/CG_logo_5-1.png","width":2375,"height":1182,"caption":"CGR International SAS"},"image":{"@id":"https:\/\/www.cgr-international.com\/fr\/#\/schema\/logo\/image\/"}}]}},"_links":{"self":[{"href":"https:\/\/www.cgr-international.com\/fr\/wp-json\/wp\/v2\/pages\/1651","targetHints":{"allow":["GET"]}}],"collection":[{"href":"https:\/\/www.cgr-international.com\/fr\/wp-json\/wp\/v2\/pages"}],"about":[{"href":"https:\/\/www.cgr-international.com\/fr\/wp-json\/wp\/v2\/types\/page"}],"author":[{"embeddable":true,"href":"https:\/\/www.cgr-international.com\/fr\/wp-json\/wp\/v2\/users\/1"}],"replies":[{"embeddable":true,"href":"https:\/\/www.cgr-international.com\/fr\/wp-json\/wp\/v2\/comments?post=1651"}],"version-history":[{"count":1,"href":"https:\/\/www.cgr-international.com\/fr\/wp-json\/wp\/v2\/pages\/1651\/revisions"}],"predecessor-version":[{"id":2042,"href":"https:\/\/www.cgr-international.com\/fr\/wp-json\/wp\/v2\/pages\/1651\/revisions\/2042"}],"up":[{"embeddable":true,"href":"https:\/\/www.cgr-international.com\/fr\/wp-json\/wp\/v2\/pages\/1857"}],"wp:attachment":[{"href":"https:\/\/www.cgr-international.com\/fr\/wp-json\/wp\/v2\/media?parent=1651"}],"curies":[{"name":"wp","href":"https:\/\/api.w.org\/{rel}","templated":true}]}}