{"id":1690,"date":"2020-06-09T11:19:48","date_gmt":"2020-06-09T09:19:48","guid":{"rendered":"http:\/\/cgr-international.bb-b.net\/kaizen\/"},"modified":"2020-06-24T18:32:03","modified_gmt":"2020-06-24T16:32:03","slug":"kaizen","status":"publish","type":"page","link":"https:\/\/www.cgr-international.com\/fr\/formez-votre-monde\/kaizen\/","title":{"rendered":"Kaizen"},"content":{"rendered":"","protected":false},"excerpt":{"rendered":"","protected":false},"author":1,"featured_media":0,"parent":1861,"menu_order":0,"comment_status":"closed","ping_status":"closed","template":"","meta":{"footnotes":""},"class_list":["post-1690","page","type-page","status-publish","hentry"],"yoast_head":"<!-- This site is optimized with the Yoast SEO Premium plugin v27.2 (Yoast SEO v27.2) - https:\/\/yoast.com\/product\/yoast-seo-premium-wordpress\/ -->\n<title>Kaizen - CGR<\/title>\n<meta name=\"description\" content=\"Nous am\u00e9liorons en permanence la productivit\u00e9, la qualit\u00e9 et notre impact environnemental dans toutes nos usines, partout o\u00f9 c\u2019est possible et \u00e0 tout moment. Pour en savoir plus, c\u2019est par ici!\" \/>\n<meta name=\"robots\" content=\"index, follow, max-snippet:-1, max-image-preview:large, max-video-preview:-1\" \/>\n<link rel=\"canonical\" href=\"https:\/\/www.cgr-international.com\/fr\/formez-votre-monde\/kaizen\/\" \/>\n<meta property=\"og:locale\" content=\"fr_FR\" \/>\n<meta property=\"og:type\" content=\"article\" \/>\n<meta property=\"og:title\" content=\"Kaizen\" \/>\n<meta property=\"og:description\" content=\"Nous am\u00e9liorons en permanence la productivit\u00e9, la qualit\u00e9 et notre impact environnemental dans toutes nos usines, partout o\u00f9 c\u2019est possible et \u00e0 tout moment. Pour en savoir plus, c\u2019est par ici!\" \/>\n<meta property=\"og:url\" content=\"https:\/\/www.cgr-international.com\/fr\/formez-votre-monde\/kaizen\/\" \/>\n<meta property=\"og:site_name\" content=\"CGR\" \/>\n<meta property=\"article:modified_time\" content=\"2020-06-24T16:32:03+00:00\" \/>\n<meta name=\"twitter:card\" content=\"summary_large_image\" \/>\n<script type=\"application\/ld+json\" class=\"yoast-schema-graph\">{\"@context\":\"https:\/\/schema.org\",\"@graph\":[{\"@type\":\"WebPage\",\"@id\":\"https:\/\/www.cgr-international.com\/fr\/formez-votre-monde\/kaizen\/\",\"url\":\"https:\/\/www.cgr-international.com\/fr\/formez-votre-monde\/kaizen\/\",\"name\":\"Kaizen - CGR\",\"isPartOf\":{\"@id\":\"https:\/\/www.cgr-international.com\/fr\/#website\"},\"datePublished\":\"2020-06-09T09:19:48+00:00\",\"dateModified\":\"2020-06-24T16:32:03+00:00\",\"description\":\"Nous am\u00e9liorons en permanence la productivit\u00e9, la qualit\u00e9 et notre impact environnemental dans toutes nos usines, partout o\u00f9 c\u2019est possible et \u00e0 tout moment. Pour en savoir plus, c\u2019est par ici!\",\"breadcrumb\":{\"@id\":\"https:\/\/www.cgr-international.com\/fr\/formez-votre-monde\/kaizen\/#breadcrumb\"},\"inLanguage\":\"fr-FR\",\"potentialAction\":[{\"@type\":\"ReadAction\",\"target\":[\"https:\/\/www.cgr-international.com\/fr\/formez-votre-monde\/kaizen\/\"]}]},{\"@type\":\"BreadcrumbList\",\"@id\":\"https:\/\/www.cgr-international.com\/fr\/formez-votre-monde\/kaizen\/#breadcrumb\",\"itemListElement\":[{\"@type\":\"ListItem\",\"position\":1,\"name\":\"Home\",\"item\":\"https:\/\/www.cgr-international.com\/fr\/\"},{\"@type\":\"ListItem\",\"position\":2,\"name\":\"Formez votre monde\",\"item\":\"https:\/\/www.cgr-international.com\/fr\/formez-votre-monde\/\"},{\"@type\":\"ListItem\",\"position\":3,\"name\":\"Kaizen\"}]},{\"@type\":\"WebSite\",\"@id\":\"https:\/\/www.cgr-international.com\/fr\/#website\",\"url\":\"https:\/\/www.cgr-international.com\/fr\/\",\"name\":\"CGR\",\"description\":\"Form your world\",\"publisher\":{\"@id\":\"https:\/\/www.cgr-international.com\/fr\/#organization\"},\"potentialAction\":[{\"@type\":\"SearchAction\",\"target\":{\"@type\":\"EntryPoint\",\"urlTemplate\":\"https:\/\/www.cgr-international.com\/fr\/?s={search_term_string}\"},\"query-input\":{\"@type\":\"PropertyValueSpecification\",\"valueRequired\":true,\"valueName\":\"search_term_string\"}}],\"inLanguage\":\"fr-FR\"},{\"@type\":\"Organization\",\"@id\":\"https:\/\/www.cgr-international.com\/fr\/#organization\",\"name\":\"CGR International SAS\",\"url\":\"https:\/\/www.cgr-international.com\/fr\/\",\"logo\":{\"@type\":\"ImageObject\",\"inLanguage\":\"fr-FR\",\"@id\":\"https:\/\/www.cgr-international.com\/fr\/#\/schema\/logo\/image\/\",\"url\":\"https:\/\/www.cgr-international.com\/wp-content\/uploads\/2020\/02\/CG_logo_5-1.png\",\"contentUrl\":\"https:\/\/www.cgr-international.com\/wp-content\/uploads\/2020\/02\/CG_logo_5-1.png\",\"width\":2375,\"height\":1182,\"caption\":\"CGR International SAS\"},\"image\":{\"@id\":\"https:\/\/www.cgr-international.com\/fr\/#\/schema\/logo\/image\/\"}}]}<\/script>\n<!-- \/ Yoast SEO Premium plugin. -->","yoast_head_json":{"title":"Kaizen - CGR","description":"Nous am\u00e9liorons en permanence la productivit\u00e9, la qualit\u00e9 et notre impact environnemental dans toutes nos usines, partout o\u00f9 c\u2019est possible et \u00e0 tout moment. Pour en savoir plus, c\u2019est par ici!","robots":{"index":"index","follow":"follow","max-snippet":"max-snippet:-1","max-image-preview":"max-image-preview:large","max-video-preview":"max-video-preview:-1"},"canonical":"https:\/\/www.cgr-international.com\/fr\/formez-votre-monde\/kaizen\/","og_locale":"fr_FR","og_type":"article","og_title":"Kaizen","og_description":"Nous am\u00e9liorons en permanence la productivit\u00e9, la qualit\u00e9 et notre impact environnemental dans toutes nos usines, partout o\u00f9 c\u2019est possible et \u00e0 tout moment. Pour en savoir plus, c\u2019est par ici!","og_url":"https:\/\/www.cgr-international.com\/fr\/formez-votre-monde\/kaizen\/","og_site_name":"CGR","article_modified_time":"2020-06-24T16:32:03+00:00","twitter_card":"summary_large_image","schema":{"@context":"https:\/\/schema.org","@graph":[{"@type":"WebPage","@id":"https:\/\/www.cgr-international.com\/fr\/formez-votre-monde\/kaizen\/","url":"https:\/\/www.cgr-international.com\/fr\/formez-votre-monde\/kaizen\/","name":"Kaizen - CGR","isPartOf":{"@id":"https:\/\/www.cgr-international.com\/fr\/#website"},"datePublished":"2020-06-09T09:19:48+00:00","dateModified":"2020-06-24T16:32:03+00:00","description":"Nous am\u00e9liorons en permanence la productivit\u00e9, la qualit\u00e9 et notre impact environnemental dans toutes nos usines, partout o\u00f9 c\u2019est possible et \u00e0 tout moment. Pour en savoir plus, c\u2019est par ici!","breadcrumb":{"@id":"https:\/\/www.cgr-international.com\/fr\/formez-votre-monde\/kaizen\/#breadcrumb"},"inLanguage":"fr-FR","potentialAction":[{"@type":"ReadAction","target":["https:\/\/www.cgr-international.com\/fr\/formez-votre-monde\/kaizen\/"]}]},{"@type":"BreadcrumbList","@id":"https:\/\/www.cgr-international.com\/fr\/formez-votre-monde\/kaizen\/#breadcrumb","itemListElement":[{"@type":"ListItem","position":1,"name":"Home","item":"https:\/\/www.cgr-international.com\/fr\/"},{"@type":"ListItem","position":2,"name":"Formez votre monde","item":"https:\/\/www.cgr-international.com\/fr\/formez-votre-monde\/"},{"@type":"ListItem","position":3,"name":"Kaizen"}]},{"@type":"WebSite","@id":"https:\/\/www.cgr-international.com\/fr\/#website","url":"https:\/\/www.cgr-international.com\/fr\/","name":"CGR","description":"Form your world","publisher":{"@id":"https:\/\/www.cgr-international.com\/fr\/#organization"},"potentialAction":[{"@type":"SearchAction","target":{"@type":"EntryPoint","urlTemplate":"https:\/\/www.cgr-international.com\/fr\/?s={search_term_string}"},"query-input":{"@type":"PropertyValueSpecification","valueRequired":true,"valueName":"search_term_string"}}],"inLanguage":"fr-FR"},{"@type":"Organization","@id":"https:\/\/www.cgr-international.com\/fr\/#organization","name":"CGR International SAS","url":"https:\/\/www.cgr-international.com\/fr\/","logo":{"@type":"ImageObject","inLanguage":"fr-FR","@id":"https:\/\/www.cgr-international.com\/fr\/#\/schema\/logo\/image\/","url":"https:\/\/www.cgr-international.com\/wp-content\/uploads\/2020\/02\/CG_logo_5-1.png","contentUrl":"https:\/\/www.cgr-international.com\/wp-content\/uploads\/2020\/02\/CG_logo_5-1.png","width":2375,"height":1182,"caption":"CGR International SAS"},"image":{"@id":"https:\/\/www.cgr-international.com\/fr\/#\/schema\/logo\/image\/"}}]}},"_links":{"self":[{"href":"https:\/\/www.cgr-international.com\/fr\/wp-json\/wp\/v2\/pages\/1690","targetHints":{"allow":["GET"]}}],"collection":[{"href":"https:\/\/www.cgr-international.com\/fr\/wp-json\/wp\/v2\/pages"}],"about":[{"href":"https:\/\/www.cgr-international.com\/fr\/wp-json\/wp\/v2\/types\/page"}],"author":[{"embeddable":true,"href":"https:\/\/www.cgr-international.com\/fr\/wp-json\/wp\/v2\/users\/1"}],"replies":[{"embeddable":true,"href":"https:\/\/www.cgr-international.com\/fr\/wp-json\/wp\/v2\/comments?post=1690"}],"version-history":[{"count":1,"href":"https:\/\/www.cgr-international.com\/fr\/wp-json\/wp\/v2\/pages\/1690\/revisions"}],"predecessor-version":[{"id":2004,"href":"https:\/\/www.cgr-international.com\/fr\/wp-json\/wp\/v2\/pages\/1690\/revisions\/2004"}],"up":[{"embeddable":true,"href":"https:\/\/www.cgr-international.com\/fr\/wp-json\/wp\/v2\/pages\/1861"}],"wp:attachment":[{"href":"https:\/\/www.cgr-international.com\/fr\/wp-json\/wp\/v2\/media?parent=1690"}],"curies":[{"name":"wp","href":"https:\/\/api.w.org\/{rel}","templated":true}]}}