{"id":2702,"date":"2020-11-05T17:53:13","date_gmt":"2020-11-05T16:53:13","guid":{"rendered":"https:\/\/www.cgr-international.com\/outras-molas\/"},"modified":"2024-04-17T12:43:09","modified_gmt":"2024-04-17T10:43:09","slug":"outras-molas","status":"publish","type":"page","link":"https:\/\/www.cgr-international.com\/pt-br\/seu-orcamento-sob-medida\/outras-molas\/","title":{"rendered":"Outras molas"},"content":{"rendered":"","protected":false},"excerpt":{"rendered":"","protected":false},"author":1,"featured_media":0,"parent":2694,"menu_order":0,"comment_status":"closed","ping_status":"closed","template":"","meta":{"footnotes":""},"class_list":["post-2702","page","type-page","status-publish","hentry"],"yoast_head":"<!-- This site is optimized with the Yoast SEO Premium plugin v27.2 (Yoast SEO v27.2) - https:\/\/yoast.com\/product\/yoast-seo-premium-wordpress\/ -->\n<title>Fabrica\u00e7\u00e3o de molas personalizadas - CGR<\/title>\n<meta name=\"description\" content=\"molas espec\u00edficas feitas sob medida. Pe\u00e7a uma cota\u00e7\u00e3o\" \/>\n<meta name=\"robots\" content=\"index, follow, max-snippet:-1, max-image-preview:large, max-video-preview:-1\" \/>\n<link rel=\"canonical\" href=\"https:\/\/www.cgr-international.com\/pt-br\/seu-orcamento-sob-medida\/outras-molas\/\" \/>\n<meta property=\"og:locale\" content=\"pt_BR\" \/>\n<meta property=\"og:type\" content=\"article\" \/>\n<meta property=\"og:title\" content=\"Outras molas\" \/>\n<meta property=\"og:description\" content=\"molas espec\u00edficas feitas sob medida. Pe\u00e7a uma cota\u00e7\u00e3o\" \/>\n<meta property=\"og:url\" content=\"https:\/\/www.cgr-international.com\/pt-br\/seu-orcamento-sob-medida\/outras-molas\/\" \/>\n<meta property=\"og:site_name\" content=\"CGR\" \/>\n<meta property=\"article:modified_time\" content=\"2024-04-17T10:43:09+00:00\" \/>\n<meta name=\"twitter:card\" content=\"summary_large_image\" \/>\n<script type=\"application\/ld+json\" class=\"yoast-schema-graph\">{\"@context\":\"https:\/\/schema.org\",\"@graph\":[{\"@type\":\"WebPage\",\"@id\":\"https:\/\/www.cgr-international.com\/pt-br\/seu-orcamento-sob-medida\/outras-molas\/\",\"url\":\"https:\/\/www.cgr-international.com\/pt-br\/seu-orcamento-sob-medida\/outras-molas\/\",\"name\":\"Fabrica\u00e7\u00e3o de molas personalizadas - CGR\",\"isPartOf\":{\"@id\":\"https:\/\/www.cgr-international.com\/pt-br\/#website\"},\"datePublished\":\"2020-11-05T16:53:13+00:00\",\"dateModified\":\"2024-04-17T10:43:09+00:00\",\"description\":\"molas espec\u00edficas feitas sob medida. Pe\u00e7a uma cota\u00e7\u00e3o\",\"breadcrumb\":{\"@id\":\"https:\/\/www.cgr-international.com\/pt-br\/seu-orcamento-sob-medida\/outras-molas\/#breadcrumb\"},\"inLanguage\":\"pt-BR\",\"potentialAction\":[{\"@type\":\"ReadAction\",\"target\":[\"https:\/\/www.cgr-international.com\/pt-br\/seu-orcamento-sob-medida\/outras-molas\/\"]}]},{\"@type\":\"BreadcrumbList\",\"@id\":\"https:\/\/www.cgr-international.com\/pt-br\/seu-orcamento-sob-medida\/outras-molas\/#breadcrumb\",\"itemListElement\":[{\"@type\":\"ListItem\",\"position\":1,\"name\":\"Home\",\"item\":\"https:\/\/www.cgr-international.com\/pt-br\/\"},{\"@type\":\"ListItem\",\"position\":2,\"name\":\"Seu or\u00e7amento sob medida\",\"item\":\"https:\/\/www.cgr-international.com\/pt-br\/seu-orcamento-sob-medida\/\"},{\"@type\":\"ListItem\",\"position\":3,\"name\":\"Outras molas\"}]},{\"@type\":\"WebSite\",\"@id\":\"https:\/\/www.cgr-international.com\/pt-br\/#website\",\"url\":\"https:\/\/www.cgr-international.com\/pt-br\/\",\"name\":\"CGR\",\"description\":\"Form your world\",\"publisher\":{\"@id\":\"https:\/\/www.cgr-international.com\/pt-br\/#organization\"},\"potentialAction\":[{\"@type\":\"SearchAction\",\"target\":{\"@type\":\"EntryPoint\",\"urlTemplate\":\"https:\/\/www.cgr-international.com\/pt-br\/?s={search_term_string}\"},\"query-input\":{\"@type\":\"PropertyValueSpecification\",\"valueRequired\":true,\"valueName\":\"search_term_string\"}}],\"inLanguage\":\"pt-BR\"},{\"@type\":\"Organization\",\"@id\":\"https:\/\/www.cgr-international.com\/pt-br\/#organization\",\"name\":\"CGR International SAS\",\"url\":\"https:\/\/www.cgr-international.com\/pt-br\/\",\"logo\":{\"@type\":\"ImageObject\",\"inLanguage\":\"pt-BR\",\"@id\":\"https:\/\/www.cgr-international.com\/pt-br\/#\/schema\/logo\/image\/\",\"url\":\"https:\/\/www.cgr-international.com\/wp-content\/uploads\/2020\/02\/CG_logo_5-1.png\",\"contentUrl\":\"https:\/\/www.cgr-international.com\/wp-content\/uploads\/2020\/02\/CG_logo_5-1.png\",\"width\":2375,\"height\":1182,\"caption\":\"CGR International SAS\"},\"image\":{\"@id\":\"https:\/\/www.cgr-international.com\/pt-br\/#\/schema\/logo\/image\/\"}}]}<\/script>\n<!-- \/ Yoast SEO Premium plugin. -->","yoast_head_json":{"title":"Fabrica\u00e7\u00e3o de molas personalizadas - CGR","description":"molas espec\u00edficas feitas sob medida. Pe\u00e7a uma cota\u00e7\u00e3o","robots":{"index":"index","follow":"follow","max-snippet":"max-snippet:-1","max-image-preview":"max-image-preview:large","max-video-preview":"max-video-preview:-1"},"canonical":"https:\/\/www.cgr-international.com\/pt-br\/seu-orcamento-sob-medida\/outras-molas\/","og_locale":"pt_BR","og_type":"article","og_title":"Outras molas","og_description":"molas espec\u00edficas feitas sob medida. Pe\u00e7a uma cota\u00e7\u00e3o","og_url":"https:\/\/www.cgr-international.com\/pt-br\/seu-orcamento-sob-medida\/outras-molas\/","og_site_name":"CGR","article_modified_time":"2024-04-17T10:43:09+00:00","twitter_card":"summary_large_image","schema":{"@context":"https:\/\/schema.org","@graph":[{"@type":"WebPage","@id":"https:\/\/www.cgr-international.com\/pt-br\/seu-orcamento-sob-medida\/outras-molas\/","url":"https:\/\/www.cgr-international.com\/pt-br\/seu-orcamento-sob-medida\/outras-molas\/","name":"Fabrica\u00e7\u00e3o de molas personalizadas - CGR","isPartOf":{"@id":"https:\/\/www.cgr-international.com\/pt-br\/#website"},"datePublished":"2020-11-05T16:53:13+00:00","dateModified":"2024-04-17T10:43:09+00:00","description":"molas espec\u00edficas feitas sob medida. Pe\u00e7a uma cota\u00e7\u00e3o","breadcrumb":{"@id":"https:\/\/www.cgr-international.com\/pt-br\/seu-orcamento-sob-medida\/outras-molas\/#breadcrumb"},"inLanguage":"pt-BR","potentialAction":[{"@type":"ReadAction","target":["https:\/\/www.cgr-international.com\/pt-br\/seu-orcamento-sob-medida\/outras-molas\/"]}]},{"@type":"BreadcrumbList","@id":"https:\/\/www.cgr-international.com\/pt-br\/seu-orcamento-sob-medida\/outras-molas\/#breadcrumb","itemListElement":[{"@type":"ListItem","position":1,"name":"Home","item":"https:\/\/www.cgr-international.com\/pt-br\/"},{"@type":"ListItem","position":2,"name":"Seu or\u00e7amento sob medida","item":"https:\/\/www.cgr-international.com\/pt-br\/seu-orcamento-sob-medida\/"},{"@type":"ListItem","position":3,"name":"Outras molas"}]},{"@type":"WebSite","@id":"https:\/\/www.cgr-international.com\/pt-br\/#website","url":"https:\/\/www.cgr-international.com\/pt-br\/","name":"CGR","description":"Form your world","publisher":{"@id":"https:\/\/www.cgr-international.com\/pt-br\/#organization"},"potentialAction":[{"@type":"SearchAction","target":{"@type":"EntryPoint","urlTemplate":"https:\/\/www.cgr-international.com\/pt-br\/?s={search_term_string}"},"query-input":{"@type":"PropertyValueSpecification","valueRequired":true,"valueName":"search_term_string"}}],"inLanguage":"pt-BR"},{"@type":"Organization","@id":"https:\/\/www.cgr-international.com\/pt-br\/#organization","name":"CGR International SAS","url":"https:\/\/www.cgr-international.com\/pt-br\/","logo":{"@type":"ImageObject","inLanguage":"pt-BR","@id":"https:\/\/www.cgr-international.com\/pt-br\/#\/schema\/logo\/image\/","url":"https:\/\/www.cgr-international.com\/wp-content\/uploads\/2020\/02\/CG_logo_5-1.png","contentUrl":"https:\/\/www.cgr-international.com\/wp-content\/uploads\/2020\/02\/CG_logo_5-1.png","width":2375,"height":1182,"caption":"CGR International SAS"},"image":{"@id":"https:\/\/www.cgr-international.com\/pt-br\/#\/schema\/logo\/image\/"}}]}},"_links":{"self":[{"href":"https:\/\/www.cgr-international.com\/pt-br\/wp-json\/wp\/v2\/pages\/2702","targetHints":{"allow":["GET"]}}],"collection":[{"href":"https:\/\/www.cgr-international.com\/pt-br\/wp-json\/wp\/v2\/pages"}],"about":[{"href":"https:\/\/www.cgr-international.com\/pt-br\/wp-json\/wp\/v2\/types\/page"}],"author":[{"embeddable":true,"href":"https:\/\/www.cgr-international.com\/pt-br\/wp-json\/wp\/v2\/users\/1"}],"replies":[{"embeddable":true,"href":"https:\/\/www.cgr-international.com\/pt-br\/wp-json\/wp\/v2\/comments?post=2702"}],"version-history":[{"count":1,"href":"https:\/\/www.cgr-international.com\/pt-br\/wp-json\/wp\/v2\/pages\/2702\/revisions"}],"predecessor-version":[{"id":3730,"href":"https:\/\/www.cgr-international.com\/pt-br\/wp-json\/wp\/v2\/pages\/2702\/revisions\/3730"}],"up":[{"embeddable":true,"href":"https:\/\/www.cgr-international.com\/pt-br\/wp-json\/wp\/v2\/pages\/2694"}],"wp:attachment":[{"href":"https:\/\/www.cgr-international.com\/pt-br\/wp-json\/wp\/v2\/media?parent=2702"}],"curies":[{"name":"wp","href":"https:\/\/api.w.org\/{rel}","templated":true}]}}