{"id":2706,"date":"2020-11-05T17:57:44","date_gmt":"2020-11-05T16:57:44","guid":{"rendered":"https:\/\/www.cgr-international.com\/forma-de-tracao-com-plano\/"},"modified":"2024-04-17T12:28:58","modified_gmt":"2024-04-17T10:28:58","slug":"forma-de-tracao-com-plano","status":"publish","type":"page","link":"https:\/\/www.cgr-international.com\/pt-br\/seu-orcamento-sob-medida\/forma-de-tracao-com-plano\/","title":{"rendered":"forma de tra\u00e7\u00e3o com plano"},"content":{"rendered":"","protected":false},"excerpt":{"rendered":"","protected":false},"author":1,"featured_media":0,"parent":2694,"menu_order":0,"comment_status":"closed","ping_status":"closed","template":"","meta":{"footnotes":""},"class_list":["post-2706","page","type-page","status-publish","hentry"],"yoast_head":"<!-- This site is optimized with the Yoast SEO Premium plugin v27.2 (Yoast SEO v27.2) - https:\/\/yoast.com\/product\/yoast-seo-premium-wordpress\/ -->\n<title>Fabrica\u00e7\u00e3o de molas de tens\u00e3o - CGR<\/title>\n<meta name=\"description\" content=\"Fabrica\u00e7\u00e3o personalizada de molas de tens\u00e3o. Solicite uma cota\u00e7\u00e3o\" \/>\n<meta name=\"robots\" content=\"index, follow, max-snippet:-1, max-image-preview:large, max-video-preview:-1\" \/>\n<link rel=\"canonical\" href=\"https:\/\/www.cgr-international.com\/pt-br\/seu-orcamento-sob-medida\/forma-de-tracao-com-plano\/\" \/>\n<meta property=\"og:locale\" content=\"pt_BR\" \/>\n<meta property=\"og:type\" content=\"article\" \/>\n<meta property=\"og:title\" content=\"forma de tra\u00e7\u00e3o com plano\" \/>\n<meta property=\"og:description\" content=\"Fabrica\u00e7\u00e3o personalizada de molas de tens\u00e3o. Solicite uma cota\u00e7\u00e3o\" \/>\n<meta property=\"og:url\" content=\"https:\/\/www.cgr-international.com\/pt-br\/seu-orcamento-sob-medida\/forma-de-tracao-com-plano\/\" \/>\n<meta property=\"og:site_name\" content=\"CGR\" \/>\n<meta property=\"article:modified_time\" content=\"2024-04-17T10:28:58+00:00\" \/>\n<meta name=\"twitter:card\" content=\"summary_large_image\" \/>\n<script type=\"application\/ld+json\" class=\"yoast-schema-graph\">{\"@context\":\"https:\/\/schema.org\",\"@graph\":[{\"@type\":\"WebPage\",\"@id\":\"https:\/\/www.cgr-international.com\/pt-br\/seu-orcamento-sob-medida\/forma-de-tracao-com-plano\/\",\"url\":\"https:\/\/www.cgr-international.com\/pt-br\/seu-orcamento-sob-medida\/forma-de-tracao-com-plano\/\",\"name\":\"Fabrica\u00e7\u00e3o de molas de tens\u00e3o - CGR\",\"isPartOf\":{\"@id\":\"https:\/\/www.cgr-international.com\/pt-br\/#website\"},\"datePublished\":\"2020-11-05T16:57:44+00:00\",\"dateModified\":\"2024-04-17T10:28:58+00:00\",\"description\":\"Fabrica\u00e7\u00e3o personalizada de molas de tens\u00e3o. Solicite uma cota\u00e7\u00e3o\",\"breadcrumb\":{\"@id\":\"https:\/\/www.cgr-international.com\/pt-br\/seu-orcamento-sob-medida\/forma-de-tracao-com-plano\/#breadcrumb\"},\"inLanguage\":\"pt-BR\",\"potentialAction\":[{\"@type\":\"ReadAction\",\"target\":[\"https:\/\/www.cgr-international.com\/pt-br\/seu-orcamento-sob-medida\/forma-de-tracao-com-plano\/\"]}]},{\"@type\":\"BreadcrumbList\",\"@id\":\"https:\/\/www.cgr-international.com\/pt-br\/seu-orcamento-sob-medida\/forma-de-tracao-com-plano\/#breadcrumb\",\"itemListElement\":[{\"@type\":\"ListItem\",\"position\":1,\"name\":\"Home\",\"item\":\"https:\/\/www.cgr-international.com\/pt-br\/\"},{\"@type\":\"ListItem\",\"position\":2,\"name\":\"Seu or\u00e7amento sob medida\",\"item\":\"https:\/\/www.cgr-international.com\/pt-br\/seu-orcamento-sob-medida\/\"},{\"@type\":\"ListItem\",\"position\":3,\"name\":\"forma de tra\u00e7\u00e3o com plano\"}]},{\"@type\":\"WebSite\",\"@id\":\"https:\/\/www.cgr-international.com\/pt-br\/#website\",\"url\":\"https:\/\/www.cgr-international.com\/pt-br\/\",\"name\":\"CGR\",\"description\":\"Form your world\",\"publisher\":{\"@id\":\"https:\/\/www.cgr-international.com\/pt-br\/#organization\"},\"potentialAction\":[{\"@type\":\"SearchAction\",\"target\":{\"@type\":\"EntryPoint\",\"urlTemplate\":\"https:\/\/www.cgr-international.com\/pt-br\/?s={search_term_string}\"},\"query-input\":{\"@type\":\"PropertyValueSpecification\",\"valueRequired\":true,\"valueName\":\"search_term_string\"}}],\"inLanguage\":\"pt-BR\"},{\"@type\":\"Organization\",\"@id\":\"https:\/\/www.cgr-international.com\/pt-br\/#organization\",\"name\":\"CGR International SAS\",\"url\":\"https:\/\/www.cgr-international.com\/pt-br\/\",\"logo\":{\"@type\":\"ImageObject\",\"inLanguage\":\"pt-BR\",\"@id\":\"https:\/\/www.cgr-international.com\/pt-br\/#\/schema\/logo\/image\/\",\"url\":\"https:\/\/www.cgr-international.com\/wp-content\/uploads\/2020\/02\/CG_logo_5-1.png\",\"contentUrl\":\"https:\/\/www.cgr-international.com\/wp-content\/uploads\/2020\/02\/CG_logo_5-1.png\",\"width\":2375,\"height\":1182,\"caption\":\"CGR International SAS\"},\"image\":{\"@id\":\"https:\/\/www.cgr-international.com\/pt-br\/#\/schema\/logo\/image\/\"}}]}<\/script>\n<!-- \/ Yoast SEO Premium plugin. -->","yoast_head_json":{"title":"Fabrica\u00e7\u00e3o de molas de tens\u00e3o - CGR","description":"Fabrica\u00e7\u00e3o personalizada de molas de tens\u00e3o. Solicite uma cota\u00e7\u00e3o","robots":{"index":"index","follow":"follow","max-snippet":"max-snippet:-1","max-image-preview":"max-image-preview:large","max-video-preview":"max-video-preview:-1"},"canonical":"https:\/\/www.cgr-international.com\/pt-br\/seu-orcamento-sob-medida\/forma-de-tracao-com-plano\/","og_locale":"pt_BR","og_type":"article","og_title":"forma de tra\u00e7\u00e3o com plano","og_description":"Fabrica\u00e7\u00e3o personalizada de molas de tens\u00e3o. Solicite uma cota\u00e7\u00e3o","og_url":"https:\/\/www.cgr-international.com\/pt-br\/seu-orcamento-sob-medida\/forma-de-tracao-com-plano\/","og_site_name":"CGR","article_modified_time":"2024-04-17T10:28:58+00:00","twitter_card":"summary_large_image","schema":{"@context":"https:\/\/schema.org","@graph":[{"@type":"WebPage","@id":"https:\/\/www.cgr-international.com\/pt-br\/seu-orcamento-sob-medida\/forma-de-tracao-com-plano\/","url":"https:\/\/www.cgr-international.com\/pt-br\/seu-orcamento-sob-medida\/forma-de-tracao-com-plano\/","name":"Fabrica\u00e7\u00e3o de molas de tens\u00e3o - CGR","isPartOf":{"@id":"https:\/\/www.cgr-international.com\/pt-br\/#website"},"datePublished":"2020-11-05T16:57:44+00:00","dateModified":"2024-04-17T10:28:58+00:00","description":"Fabrica\u00e7\u00e3o personalizada de molas de tens\u00e3o. Solicite uma cota\u00e7\u00e3o","breadcrumb":{"@id":"https:\/\/www.cgr-international.com\/pt-br\/seu-orcamento-sob-medida\/forma-de-tracao-com-plano\/#breadcrumb"},"inLanguage":"pt-BR","potentialAction":[{"@type":"ReadAction","target":["https:\/\/www.cgr-international.com\/pt-br\/seu-orcamento-sob-medida\/forma-de-tracao-com-plano\/"]}]},{"@type":"BreadcrumbList","@id":"https:\/\/www.cgr-international.com\/pt-br\/seu-orcamento-sob-medida\/forma-de-tracao-com-plano\/#breadcrumb","itemListElement":[{"@type":"ListItem","position":1,"name":"Home","item":"https:\/\/www.cgr-international.com\/pt-br\/"},{"@type":"ListItem","position":2,"name":"Seu or\u00e7amento sob medida","item":"https:\/\/www.cgr-international.com\/pt-br\/seu-orcamento-sob-medida\/"},{"@type":"ListItem","position":3,"name":"forma de tra\u00e7\u00e3o com plano"}]},{"@type":"WebSite","@id":"https:\/\/www.cgr-international.com\/pt-br\/#website","url":"https:\/\/www.cgr-international.com\/pt-br\/","name":"CGR","description":"Form your world","publisher":{"@id":"https:\/\/www.cgr-international.com\/pt-br\/#organization"},"potentialAction":[{"@type":"SearchAction","target":{"@type":"EntryPoint","urlTemplate":"https:\/\/www.cgr-international.com\/pt-br\/?s={search_term_string}"},"query-input":{"@type":"PropertyValueSpecification","valueRequired":true,"valueName":"search_term_string"}}],"inLanguage":"pt-BR"},{"@type":"Organization","@id":"https:\/\/www.cgr-international.com\/pt-br\/#organization","name":"CGR International SAS","url":"https:\/\/www.cgr-international.com\/pt-br\/","logo":{"@type":"ImageObject","inLanguage":"pt-BR","@id":"https:\/\/www.cgr-international.com\/pt-br\/#\/schema\/logo\/image\/","url":"https:\/\/www.cgr-international.com\/wp-content\/uploads\/2020\/02\/CG_logo_5-1.png","contentUrl":"https:\/\/www.cgr-international.com\/wp-content\/uploads\/2020\/02\/CG_logo_5-1.png","width":2375,"height":1182,"caption":"CGR International SAS"},"image":{"@id":"https:\/\/www.cgr-international.com\/pt-br\/#\/schema\/logo\/image\/"}}]}},"_links":{"self":[{"href":"https:\/\/www.cgr-international.com\/pt-br\/wp-json\/wp\/v2\/pages\/2706","targetHints":{"allow":["GET"]}}],"collection":[{"href":"https:\/\/www.cgr-international.com\/pt-br\/wp-json\/wp\/v2\/pages"}],"about":[{"href":"https:\/\/www.cgr-international.com\/pt-br\/wp-json\/wp\/v2\/types\/page"}],"author":[{"embeddable":true,"href":"https:\/\/www.cgr-international.com\/pt-br\/wp-json\/wp\/v2\/users\/1"}],"replies":[{"embeddable":true,"href":"https:\/\/www.cgr-international.com\/pt-br\/wp-json\/wp\/v2\/comments?post=2706"}],"version-history":[{"count":1,"href":"https:\/\/www.cgr-international.com\/pt-br\/wp-json\/wp\/v2\/pages\/2706\/revisions"}],"predecessor-version":[{"id":3721,"href":"https:\/\/www.cgr-international.com\/pt-br\/wp-json\/wp\/v2\/pages\/2706\/revisions\/3721"}],"up":[{"embeddable":true,"href":"https:\/\/www.cgr-international.com\/pt-br\/wp-json\/wp\/v2\/pages\/2694"}],"wp:attachment":[{"href":"https:\/\/www.cgr-international.com\/pt-br\/wp-json\/wp\/v2\/media?parent=2706"}],"curies":[{"name":"wp","href":"https:\/\/api.w.org\/{rel}","templated":true}]}}